{"id":767,"date":"2017-02-12T08:52:21","date_gmt":"2017-02-12T06:52:21","guid":{"rendered":"http:\/\/blog.nitram.org\/?page_id=767"},"modified":"2017-03-09T19:32:37","modified_gmt":"2017-03-09T17:32:37","slug":"ueber-mich","status":"publish","type":"page","link":"http:\/\/blog.nitram.org\/?page_id=767","title":{"rendered":"\u00dcber mich"},"content":{"rendered":"<p><a href=\"http:\/\/blog.nitram.org\/wp-content\/uploads\/2017\/02\/norge-20150606-92.jpg\" target=\"new\"><img loading=\"lazy\" decoding=\"async\" class=\"alignleft size-thumbnail wp-image-768\" src=\"http:\/\/blog.nitram.org\/wp-content\/uploads\/2017\/02\/norge-20150606-92-150x150.jpg\" alt=\"\" width=\"150\" height=\"150\" srcset=\"http:\/\/blog.nitram.org\/wp-content\/uploads\/2017\/02\/norge-20150606-92-150x150.jpg 150w, http:\/\/blog.nitram.org\/wp-content\/uploads\/2017\/02\/norge-20150606-92-300x300.jpg 300w, http:\/\/blog.nitram.org\/wp-content\/uploads\/2017\/02\/norge-20150606-92-768x768.jpg 768w, http:\/\/blog.nitram.org\/wp-content\/uploads\/2017\/02\/norge-20150606-92-1024x1024.jpg 1024w, http:\/\/blog.nitram.org\/wp-content\/uploads\/2017\/02\/norge-20150606-92.jpg 1200w\" sizes=\"auto, (max-width: 150px) 100vw, 150px\" \/><\/a>Ich hei\u00dfe Martin, bin Jahrgang 72 und komme aus M\u00fcnchen. Beruflich bin ich in der IT einer Versicherung besch\u00e4ftigt, interessiere mich aber auch privat f\u00fcr alles was mit Computern und Fotografie zu tun hat. So gesehen\u00a0also die ideale Voraussetzung einen solchen Reiseblog zu erstellen, zumal ich schon Erfahrung in der Erstellung von Internetseiten hatte: angefangen hat alles mit einer Musikcommunity Ende der 1990er Jahre, die ich dann \u00fcber 15 Jahre betreut hatte und die es auf immerhin 25.000 Mitglieder gebracht hat. Letztlich auf die Idee des Reiseblogs hat mich dann aber ein Kollege gebracht, der damals auf diese Art von seiner S\u00fcdamerikareise berichtet hat. Danach wollte ich es bei meinem darauffolgenden Urlaub einfach &#8218;mal probieren&#8216; und hatte festgestellt, dass es einerseits f\u00fcr einige Daheimgebliebene, die sich daf\u00fcr interessieren, sch\u00f6n ist\u00a0mitverfolgen zu k\u00f6nnen wo man sich herumtreibt, andererseits aber auch f\u00fcr mich selbst, wenn ich nach l\u00e4ngerer Zeit fr\u00fchere Reiseberichte nochmals nachlesen kann.<\/p>\n<div id=\"attachment_769\" style=\"width: 247px\" class=\"wp-caption alignright\"><a href=\"http:\/\/blog.nitram.org\/wp-content\/uploads\/2017\/02\/Norwegen.jpg\" target=\"new\"><img loading=\"lazy\" decoding=\"async\" aria-describedby=\"caption-attachment-769\" class=\"size-medium wp-image-769\" src=\"http:\/\/blog.nitram.org\/wp-content\/uploads\/2017\/02\/Norwegen-247x300.jpg\" alt=\"\" width=\"247\" height=\"300\" srcset=\"http:\/\/blog.nitram.org\/wp-content\/uploads\/2017\/02\/Norwegen-247x300.jpg 247w, http:\/\/blog.nitram.org\/wp-content\/uploads\/2017\/02\/Norwegen-768x934.jpg 768w, http:\/\/blog.nitram.org\/wp-content\/uploads\/2017\/02\/Norwegen-842x1024.jpg 842w\" sizes=\"auto, (max-width: 247px) 100vw, 247px\" \/><\/a><p id=\"caption-attachment-769\" class=\"wp-caption-text\">aufgenommene Fotos in Norwegen<\/p><\/div>\n<p>Wie man unschwer an den Berichten der vergangenen Jahre erkennen kann bin ich ein gro\u00dfer Fan Skandinaviens, auch wenn es hin und wieder nat\u00fcrlich auch in andere Gegenden geht. Angefangen hat es mit meinem ersten gr\u00f6\u00dferen Urlaub im Sommer 2010 in Island &#8211; damals leider noch ohne Blog. Dort hat mir ein P\u00e4rchen vorgeschw\u00e4rmt, wie sch\u00f6n Island doch w\u00e4re, aber Norwegen k\u00f6nne es dann doch nicht schlagen &#8211; klar, dass ich dann auch Norwegen einen Besuch abstatten musste. Bei einem Besuch ist es offensichtlich nicht geblieben und wie man an der\u00a0Karte rechts unschwer erkennen kann gibt es mittlerweile (Stand Februar 2017) nicht mehr viele Flecken Norwegens an denen ich noch nicht war. Zum Gl\u00fcck gibt es aber vier Jahreszeiten und entsprechend zeigt sich die Landschaft immer wieder in v\u00f6llig neuen Bildern. Au\u00dferdem gibt es nat\u00fcrlich Naturschauspiele, wie die Mitternachtssonne oder Polarlichter, die man gerne auch ein zweites oder drittes Mal sehen w\u00fcrde. So gesehen wird es also auch in den n\u00e4chsten Jahren noch viele Gelegenheiten geben dem Land einen Besuch abstatten zu k\u00f6nnen. \ud83d\ude42<\/p>\n<p>F\u00fcr all jene, die sich nicht nur f\u00fcr die Reiseberichte interessieren sondern auch f\u00fcr die zugeh\u00f6rigen Fotos der vergangenen Urlaube, habe ich im rechten Seitenmen\u00fc auf die Fotoseiten bei Flickr verlinkt.<\/p>\n<iframe src=\"http:\/\/www.facebook.com\/plugins\/like.php?href=http%3A%2F%2Fblog.nitram.org%2F%3Fpage_id%3D767&amp;layout=standard&amp;show_faces=true&amp;width=450&amp;action=like&amp;colorscheme=light&amp;height=80\" scrolling=\"no\" frameborder=\"0\" style=\"border:none; overflow:hidden; width:450px; height:80px;\" allowTransparency=\"true\"><\/iframe>","protected":false},"excerpt":{"rendered":"<p>Ich hei\u00dfe Martin, bin Jahrgang 72 und komme aus M\u00fcnchen. Beruflich bin ich in der IT einer Versicherung besch\u00e4ftigt, interessiere mich aber auch privat f\u00fcr alles was mit Computern und Fotografie zu tun hat. So gesehen\u00a0also die ideale Voraussetzung einen solchen Reiseblog zu erstellen, zumal ich schon Erfahrung in der Erstellung von Internetseiten hatte: angefangen &hellip; <\/p>\n<p><a class=\"more-link btn\" href=\"http:\/\/blog.nitram.org\/?page_id=767\">Weiterlesen<\/a><\/p>\n","protected":false},"author":1,"featured_media":0,"parent":0,"menu_order":0,"comment_status":"closed","ping_status":"closed","template":"","meta":{"footnotes":""},"class_list":["post-767","page","type-page","status-publish","hentry","nodate","item-wrap"],"jetpack_sharing_enabled":true,"jetpack_shortlink":"https:\/\/wp.me\/P2HHzQ-cn","_links":{"self":[{"href":"http:\/\/blog.nitram.org\/index.php?rest_route=\/wp\/v2\/pages\/767","targetHints":{"allow":["GET"]}}],"collection":[{"href":"http:\/\/blog.nitram.org\/index.php?rest_route=\/wp\/v2\/pages"}],"about":[{"href":"http:\/\/blog.nitram.org\/index.php?rest_route=\/wp\/v2\/types\/page"}],"author":[{"embeddable":true,"href":"http:\/\/blog.nitram.org\/index.php?rest_route=\/wp\/v2\/users\/1"}],"replies":[{"embeddable":true,"href":"http:\/\/blog.nitram.org\/index.php?rest_route=%2Fwp%2Fv2%2Fcomments&post=767"}],"version-history":[{"count":7,"href":"http:\/\/blog.nitram.org\/index.php?rest_route=\/wp\/v2\/pages\/767\/revisions"}],"predecessor-version":[{"id":848,"href":"http:\/\/blog.nitram.org\/index.php?rest_route=\/wp\/v2\/pages\/767\/revisions\/848"}],"wp:attachment":[{"href":"http:\/\/blog.nitram.org\/index.php?rest_route=%2Fwp%2Fv2%2Fmedia&parent=767"}],"curies":[{"name":"wp","href":"https:\/\/api.w.org\/{rel}","templated":true}]}}